{"id":25108,"date":"2019-01-18T16:49:31","date_gmt":"2019-01-18T15:49:31","guid":{"rendered":"https:\/\/www.moyenagepassion.com\/?page_id=25108"},"modified":"2019-01-18T16:55:05","modified_gmt":"2019-01-18T15:55:05","slug":"mentions-legales","status":"publish","type":"page","link":"https:\/\/www.moyenagepassion.com\/index.php\/mentions-legales\/","title":{"rendered":"Mentions l\u00e9gales"},"content":{"rendered":"<div id=\"moyen-1923965605\" class=\"moyen-before-content moyen-entity-placement\"><script async src=\"\/\/pagead2.googlesyndication.com\/pagead\/js\/adsbygoogle.js?client=ca-pub-3035390706780632\" crossorigin=\"anonymous\"><\/script><ins class=\"adsbygoogle\" style=\"display:block;\" data-ad-client=\"ca-pub-3035390706780632\" \ndata-ad-slot=\"\" \ndata-ad-format=\"auto\"><\/ins>\n<script> \n(adsbygoogle = window.adsbygoogle || []).push({}); \n<\/script>\n<\/div><h3>Mentions l\u00e9gales du site Moyenagepassion.com<\/h3>\n<p>&nbsp;<\/p>\n<p style=\"text-align: justify;\"><strong>1. Pr\u00e9sentation du site.<\/strong><\/p>\n<p style=\"text-align: justify;\">En vertu de l\u2019article 6 de la loi n\u00b0 2004-575 du 21 juin 2004 pour la confiance dans l\u2019\u00e9conomie num\u00e9rique, il est pr\u00e9cis\u00e9 aux utilisateurs du site <a href=\"https:\/\/www.moyenagepassion.com\/\" target=\"_blank\">https:\/\/www.moyenagepassion.com\/<\/a> l\u2019identit\u00e9 des diff\u00e9rents intervenants dans le cadre de sa r\u00e9alisation et de son suivi :<\/p>\n<p style=\"text-align: justify;\">Le responsable publication est une personne physique ou une personne morale.<\/p>\n<p style=\"text-align: justify;\"><strong>Propri\u00e9taire, cr\u00e9ateur, webmaster et responsable de publication<\/strong>\u00a0 : Fr\u00e9d\u00e9ric\u00a0F. , moyenagepassion.com<\/p>\n<p style=\"text-align: justify;\"><strong>Adresse de contact<\/strong> : contact[@]moyenagepassion[.]com<\/p>\n<p style=\"text-align: justify;\"><strong>H\u00e9bergeur<\/strong> : Rackspace &#8211; 1 Fanatical Place &#8211; City of Windcrest &#8211; San Antonio, TX 78218<\/p>\n<p style=\"text-align: justify;\"><strong>2. Conditions g\u00e9n\u00e9rales d\u2019utilisation du site et de ses services<br \/>\n<\/strong><br \/>\nL\u2019utilisation du site <a href=\"https:\/\/www.moyenagepassion.com\/\" target=\"_blank\">https:\/\/www.moyenagepassion.com\/ <\/a>implique l\u2019acceptation pleine et enti\u00e8re des conditions g\u00e9n\u00e9rales d\u2019utilisation ci-apr\u00e8s d\u00e9crites. Ces conditions d\u2019utilisation sont susceptibles d\u2019\u00eatre modifi\u00e9es ou compl\u00e9t\u00e9es \u00e0 tout moment, les utilisateurs du site\u00a0 sont donc invit\u00e9s \u00e0 les consulter de mani\u00e8re r\u00e9guli\u00e8re.<\/p>\n<p style=\"text-align: justify;\">Ce site est normalement accessible \u00e0 tout moment aux utilisateurs. Une interruption pour raison de maintenance peut \u00eatre toutefois d\u00e9cid\u00e9e par ses responsables techniques et \u00e9ditoriaux. Ils s&rsquo;efforceront alors de communiquer pr\u00e9alablement aux utilisateurs les dates et heures de l\u2019intervention. Certaines interruptions ind\u00e9pendantes de la volont\u00e9 de l&rsquo;\u00e9diteur (r\u00e9seau, serveur, pannes dues \u00e0 l&rsquo;h\u00e9bergeur) peuvent survenir occasionnellement. Le cas \u00e9ch\u00e9ant, il pourra s&rsquo;av\u00e9rer impossible de mettre en place certaines des mesures d&rsquo;information susvis\u00e9es.<\/p>\n<p style=\"text-align: justify;\">Le site<a href=\"https:\/\/www.moyenagepassion.com\/\"> https:\/\/www.moyenagepassion.com\/ <\/a>est mis \u00e0 jour r\u00e9guli\u00e8rement par son webmaster. De la m\u00eame fa\u00e7on, les mentions l\u00e9gales peuvent \u00eatre modifi\u00e9es \u00e0 tout moment : elles s\u2019imposent n\u00e9anmoins \u00e0 l\u2019utilisateur qui est invit\u00e9 \u00e0 s\u2019y r\u00e9f\u00e9rer le plus souvent possible afin d\u2019en prendre connaissance.<\/p>\n<p style=\"text-align: justify;\"><strong>3. Description des services fournis.<\/strong><\/p>\n<p style=\"text-align: justify;\">Le site <a href=\"https:\/\/www.moyenagepassion.com\/\" target=\"_blank\">https:\/\/www.moyenagepassion.com\/<\/a> a pour objet de fournir une information large et non restrictive sur le th\u00e8me du moyen-\u00e2ge et du monde m\u00e9di\u00e9val. Ces notions se r\u00e9f\u00e8rent \u00e0 la fois \u00e0 la p\u00e9riode historique vis\u00e9e, mais \u00e9galement \u00e0 ses repr\u00e9sentations post\u00e9rieures et jusqu&rsquo;\u00e0 nos jours.<\/p>\n<p style=\"text-align: justify;\">Nous nous effor\u00e7ons de fournir sur ce site\u00a0 des informations aussi pr\u00e9cises que possible. Toutefois, si des omissions, des inexactitudes et des carences dans la mise \u00e0 jour intervenaient, qu\u2019elles soient de son fait ou du fait des tiers partenaires qui lui fournissent ces informations, l&rsquo;\u00e9diteur du site ne saurait en \u00eatre tenu pour responsable.<\/p>\n<p style=\"text-align: justify;\">Tous les informations pr\u00e9sentes sur le site sont donn\u00e9es \u00e0 titre indicatif, et sont susceptibles d\u2019\u00e9voluer. Par ailleurs, les renseignements y figurant\u00a0 ne sont pas exhaustifs. Ils sont donn\u00e9s sous r\u00e9serve de modifications ayant \u00e9t\u00e9 apport\u00e9es depuis leur mise en ligne.<\/p>\n<p style=\"text-align: justify;\"><strong>4. Limitations contractuelles sur les donn\u00e9es techniques.<\/strong><\/p>\n<p style=\"text-align: justify;\"><a href=\"https:\/\/www.moyenagepassion.com\/\" target=\"_blank\">https:\/\/www.moyenagepassion.com\/<\/a>\u00a0utilise diverses technologies web dont les langages JavaScript &amp; html. il ne pourra \u00eatre tenu responsable de dommages mat\u00e9riels li\u00e9s \u00e0 son utilisation. De plus, l\u2019utilisateur du site s\u2019engage \u00e0 acc\u00e9der au site en utilisant un mat\u00e9riel r\u00e9cent, ne contenant pas de virus et avec un navigateur de derni\u00e8re g\u00e9n\u00e9ration mis-\u00e0-jour<\/p>\n<p style=\"text-align: justify;\"><strong>5. Propri\u00e9t\u00e9 intellectuelle et contrefa\u00e7ons.<\/strong><\/p>\n<p style=\"text-align: justify;\"><a href=\"https:\/\/www.moyenagepassion.com\/\" target=\"_blank\">https:\/\/www.moyenagepassion.com\/<\/a>\u00a0est propri\u00e9taire des droits de propri\u00e9t\u00e9 intellectuelle ou d\u00e9tient les droits d\u2019usage sur tous les \u00e9l\u00e9ments accessibles sur le site, notamment les textes, images, graphismes, logo, ic\u00f4nes, sons, logiciels.\u00a0Toute reproduction, repr\u00e9sentation, modification, publication, adaptation de tout ou partie des \u00e9l\u00e9ments du site, quel que soit le moyen ou le proc\u00e9d\u00e9 utilis\u00e9, est interdite, sauf autorisation \u00e9crite pr\u00e9alable de son cr\u00e9ateur et webmaster.<\/p>\n<p style=\"text-align: justify;\">Toute exploitation non autoris\u00e9e du site ou de l\u2019un quelconque des \u00e9l\u00e9ments qu\u2019il contient sera consid\u00e9r\u00e9e comme constitutive d\u2019une contrefa\u00e7on et poursuivie conform\u00e9ment aux dispositions des articles L.335-2 et suivants du Code de Propri\u00e9t\u00e9 Intellectuelle.<\/p>\n<p style=\"text-align: justify;\"><strong>6. Limitations de responsabilit\u00e9.<\/strong><\/p>\n<p style=\"text-align: justify;\">Le site\u00a0<a href=\"https:\/\/www.moyenagepassion.com\/\" target=\"_blank\">https:\/\/www.moyenagepassion.com\/<\/a> ne pourra \u00eatre tenu responsable des dommages directs et indirects caus\u00e9s au mat\u00e9riel de l\u2019utilisateur, lors de l\u2019acc\u00e8s au site , et r\u00e9sultant soit de l\u2019utilisation d\u2019un mat\u00e9riel ne r\u00e9pondant pas aux sp\u00e9cifications indiqu\u00e9es au point 4, soit de l\u2019apparition d\u2019un bug ou d\u2019une incompatibilit\u00e9.\u00a0Le site ne pourra \u00e9galement \u00eatre tenue responsable des dommages indirects (tels par exemple qu\u2019une perte de march\u00e9 ou perte d\u2019une chance) cons\u00e9cutifs \u00e0 son utilisation.<\/p>\n<p style=\"text-align: justify;\">Des espaces interactifs (commentaires) sont \u00e0 la disposition des utilisateurs.\u00a0<a href=\"https:\/\/www.moyenagepassion.com\/\" target=\"_blank\">https:\/\/www.moyenagepassion.com\/<\/a> se r\u00e9serve le droit de mod\u00e9rer ou supprimer, sans mise en demeure pr\u00e9alable, tout contenu d\u00e9pos\u00e9 dans cet espace qui contreviendrait \u00e0 la l\u00e9gislation applicable en France, en particulier aux dispositions relatives \u00e0 la protection des donn\u00e9es. Le cas \u00e9ch\u00e9ant, MOYENAGEPASSION se r\u00e9serve \u00e9galement la possibilit\u00e9 de mettre en cause la responsabilit\u00e9 civile et\/ou p\u00e9nale de l\u2019utilisateur, notamment en cas de message \u00e0 caract\u00e8re raciste, injurieux, diffamant, ou pornographique, quel que soit le support utilis\u00e9 (texte, photographie\u2026).<\/p>\n<p style=\"text-align: justify;\"><strong>7. Gestion des donn\u00e9es personnelles.<\/strong><\/p>\n<p style=\"text-align: justify;\">En France, les donn\u00e9es personnelles sont notamment prot\u00e9g\u00e9es par la loi n\u00b0 78-87 du 6 janvier 1978, la loi n\u00b0 2004-801 du 6 ao\u00fbt 2004, l\u2019article L. 226-13 du Code p\u00e9nal et la Directive Europ\u00e9enne du 24 octobre 1995.<\/p>\n<p style=\"text-align: justify;\">A l\u2019occasion de l\u2019utilisation du site, peuvent \u00eatres recueillies : l\u2019URL des liens par l\u2019interm\u00e9diaire desquels l\u2019utilisateur a acc\u00e9d\u00e9 au site , le fournisseur d\u2019acc\u00e8s de l\u2019utilisateur, l\u2019adresse de protocole Internet (IP) de l\u2019utilisateur.<\/p>\n<p style=\"text-align: justify;\">En tout \u00e9tat de cause le site <a href=\"https:\/\/www.moyenagepassion.com\/\" target=\"_blank\">https:\/\/www.moyenagepassion.com\/<\/a> ne collecte des informations personnelles relatives \u00e0 l\u2019utilisateur que pour le besoin de certains services propos\u00e9s par le site L\u2019utilisateur fournit ces informations en toute connaissance de cause, notamment lorsqu\u2019il proc\u00e8de par lui-m\u00eame \u00e0 leur saisie. Il est alors pr\u00e9cis\u00e9 \u00e0 l\u2019utilisateur du site, l\u2019obligation ou non de fournir ces informations.<\/p>\n<p style=\"text-align: justify;\">Conform\u00e9ment aux dispositions des articles 38 et suivants de la loi 78-17 du 6 janvier 1978 relative \u00e0 l\u2019informatique, aux fichiers et aux libert\u00e9s, tout utilisateur dispose d\u2019un droit d\u2019acc\u00e8s, de rectification et d\u2019opposition aux donn\u00e9es personnelles le concernant, en effectuant sa demande \u00e9crite et sign\u00e9e, accompagn\u00e9e d\u2019une copie du titre d\u2019identit\u00e9 avec signature du titulaire de la pi\u00e8ce, en pr\u00e9cisant l\u2019adresse \u00e0 laquelle la r\u00e9ponse doit \u00eatre envoy\u00e9e.<\/p>\n<p style=\"text-align: justify;\">Aucune information personnelle de l\u2019utilisateur de <a href=\"https:\/\/www.moyenagepassion.com\/.\" target=\"_blank\">https:\/\/www.moyenagepassion.com\/<\/a> n\u2019est publi\u00e9e \u00e9chang\u00e9e, transf\u00e9r\u00e9e, c\u00e9d\u00e9e ou vendue\u00a0\u00a0sur un support quelconque \u00e0 des tiers et \u00e0 son insu. Seule l\u2019hypoth\u00e8se du rachat du site et de ses droits permettrait la transmission des dites informations \u00e0 l\u2019\u00e9ventuel acqu\u00e9reur qui serait \u00e0 son tour tenu de la m\u00eame obligation de conservation et de modification des donn\u00e9es vis \u00e0 vis de l\u2019utilisateur du site.<\/p>\n<p style=\"text-align: justify;\">Le site n\u2019est pas d\u00e9clar\u00e9 \u00e0 la CNIL car il ne recueille pas d\u2019informations personnelles. .\u00a0Les bases de donn\u00e9es sont prot\u00e9g\u00e9es par les dispositions de la loi du 1er juillet 1998 transposant la directive 96\/9 du 11 mars 1996 relative \u00e0 la protection juridique des bases de donn\u00e9es.<\/p>\n<p style=\"text-align: justify;\"><strong>8. Liens hypertextes et cookies.<\/strong><\/p>\n<p style=\"text-align: justify;\">Le site <a href=\"https:\/\/www.moyenagepassion.com\/\" target=\"_blank\">https:\/\/www.moyenagepassion.com\/<\/a> contient un certain nombre de liens hypertextes vers d\u2019autres sites. Cependant,\u00a0son \u00e9diteur et webmaster\u00a0n\u2019a pas la possibilit\u00e9 de v\u00e9rifier l&rsquo;ensemble des contenu des sites ainsi visit\u00e9s, et n\u2019assumera en cons\u00e9quence aucune responsabilit\u00e9 de ce fait.<\/p>\n<p style=\"text-align: justify;\">La navigation sur le site est susceptible de provoquer l\u2019installation de cookie(s) sur l\u2019ordinateur de l\u2019utilisateur. Un cookie est un fichier de petite taille, qui ne permet pas l\u2019identification de l\u2019utilisateur, mais qui enregistre des informations relatives \u00e0 la navigation d\u2019un ordinateur sur un site. Les donn\u00e9es ainsi obtenues visent \u00e0 faciliter la navigation ult\u00e9rieure sur le site, et ont \u00e9galement vocation \u00e0 permettre diverses mesures de fr\u00e9quentation.\u00a0Le refus d\u2019installation d\u2019un cookie peut entra\u00eener l\u2019impossibilit\u00e9 d\u2019acc\u00e9der \u00e0 certains services. L\u2019utilisateur peut toutefois configurer son ordinateur de la mani\u00e8re suivante, pour refuser l\u2019installation des cookies :<\/p>\n<p style=\"text-align: justify;\"><strong>Sous Internet Explorer<\/strong> : onglet outil (pictogramme en forme de rouage en haut a droite) \/ options internet. Cliquez sur Confidentialit\u00e9 et choisissez Bloquer tous les cookies. Validez sur Ok.<\/p>\n<p style=\"text-align: justify;\"><strong>Sous Firefox<\/strong> : en haut de la fen\u00eatre du navigateur, cliquez sur le bouton Firefox, puis aller dans l\u2019onglet Options. Cliquer sur l\u2019onglet Vie priv\u00e9e.<\/p>\n<p style=\"text-align: justify;\">Param\u00e9trez les R\u00e8gles de conservation sur : utiliser les param\u00e8tres personnalis\u00e9s pour l\u2019historique. Enfin d\u00e9cochez-la pour d\u00e9sactiver les cookies.<\/p>\n<p style=\"text-align: justify;\"><strong>Sous Safari<\/strong> : Cliquez en haut \u00e0 droite du navigateur sur le pictogramme de menu (symbolis\u00e9 par un rouage). S\u00e9lectionnez Param\u00e8tres. Cliquez sur Afficher les param\u00e8tres avanc\u00e9s. Dans la section \u00ab Confidentialit\u00e9 \u00bb, cliquez sur Param\u00e8tres de contenu. Dans la section \u00ab Cookies \u00bb, vous pouvez bloquer les cookies.<\/p>\n<p style=\"text-align: justify;\"><strong>Sous Chrome<\/strong> : Cliquez en haut \u00e0 droite du navigateur sur le pictogramme de menu (symbolis\u00e9 par trois lignes horizontales). S\u00e9lectionnez Param\u00e8tres. Cliquez sur Afficher les param\u00e8tres avanc\u00e9s. Dans la section \u00ab Confidentialit\u00e9 \u00bb, cliquez sur pr\u00e9f\u00e9rences. Dans l\u2019onglet \u00ab Confidentialit\u00e9 \u00bb, vous pouvez bloquer les cookies.<\/p>\n<p style=\"text-align: justify;\"><strong>9. Statistiques et Analytics<\/strong><\/p>\n<p style=\"text-align: justify;\">Ce site utilise <strong>Google Analytics<\/strong>, un service d\u2019analyse de site internet fourni par Google Inc. (\u00ab Google \u00bb). Google Analytics utilise des cookies, qui sont des fichiers texte plac\u00e9s sur votre ordinateur, pour aider le site internet \u00e0 analyser l\u2019utilisation du site par ses utilisateurs.<\/p>\n<p style=\"text-align: justify;\">Les donn\u00e9es g\u00e9n\u00e9r\u00e9es par les cookies concernant votre utilisation du site (y compris votre adresse IP) seront transmises et stock\u00e9es par Google sur des serveurs situ\u00e9s aux Etats-Unis. Google utilisera cette information dans le but d\u2019\u00e9valuer votre utilisation du site, de compiler des rapports sur l\u2019activit\u00e9 du site \u00e0 destination de son \u00e9diteur et de fournir d\u2019autres services relatifs \u00e0 l\u2019activit\u00e9 du site et \u00e0 l\u2019utilisation d\u2019Internet.<\/p>\n<p style=\"text-align: justify;\">Google est susceptible de communiquer ces donn\u00e9es \u00e0 des tiers en cas d\u2019obligation l\u00e9gale ou lorsque ces tiers traitent ces donn\u00e9es pour le compte de Google, y compris notamment l\u2019\u00e9diteur de ce site. Google ne recoupera pas votre adresse IP avec toute autre donn\u00e9e d\u00e9tenue par Google.<\/p>\n<p style=\"text-align: justify;\">Vous pouvez d\u00e9sactiver l\u2019utilisation de cookies en s\u00e9lectionnant les param\u00e8tres appropri\u00e9s de votre navigateur. Cependant, une telle d\u00e9sactivation pourrait emp\u00eacher l\u2019utilisation de certaines fonctionnalit\u00e9s de ce site.<\/p>\n<p style=\"text-align: justify;\">En utilisant ce site internet, vous consentez express\u00e9ment au traitement de vos donn\u00e9es nominatives par Google dans les conditions et pour les finalit\u00e9s d\u00e9crites ci-dessus.<\/p>\n<p style=\"text-align: justify;\"><strong>10. Droit applicable et attribution de juridiction.<\/strong><\/p>\n<p style=\"text-align: justify;\">Tout litige en relation avec l\u2019utilisation du site \u00a0est soumis au droit en vigueur du ressort de son h\u00e9bergeur.<\/p>\n<p style=\"text-align: justify;\"><strong>11. Les principales lois concern\u00e9es.<\/strong><\/p>\n<p style=\"text-align: justify;\">Loi n\u00b0 78-17 du 6 janvier 1978, notamment modifi\u00e9e par la loi n\u00b0 2004-801 du 6 ao\u00fbt 2004 relative \u00e0 l\u2019informatique, aux fichiers et aux libert\u00e9s.<\/p>\n<p style=\"text-align: justify;\">Loi n\u00b0 2004-575 du 21 juin 2004 pour la confiance dans l\u2019\u00e9conomie num\u00e9rique.<\/p>\n<p style=\"text-align: justify;\"><strong>12. Lexique.<br \/>\n<\/strong><br \/>\n<strong>Utilisateur<\/strong> : Internaute se connectant, utilisant le site susnomm\u00e9.<\/p>\n<p style=\"text-align: justify;\"><strong>Informations personnelles<\/strong> : \u00ab les informations qui permettent, sous quelque forme que ce soit, directement ou non, l\u2019identification des personnes physiques auxquelles elles s\u2019appliquent \u00bb (article 4 de la loi n\u00b0 78-17 du 6 janvier 1978).<\/p>\n<p style=\"text-align: justify;\"><a href=\"https:\/\/www.moyenagepassion.com\/wp-content\/uploads\/2019\/01\/mentions_legales_moyenagepassion.pdf\" target=\"_blank\">Version pdf de ces m\u00eames mentions l\u00e9gales<\/a><\/p>\n","protected":false},"excerpt":{"rendered":"<p>Mentions l\u00e9gales du site Moyenagepassion.com &nbsp; 1. Pr\u00e9sentation du site. En vertu de l\u2019article 6 de la loi n\u00b0 2004-575 du 21 juin 2004 pour la confiance dans l\u2019\u00e9conomie num\u00e9rique, il est pr\u00e9cis\u00e9 aux utilisateurs du site https:\/\/www.moyenagepassion.com\/ l\u2019identit\u00e9 des diff\u00e9rents intervenants dans le cadre de sa r\u00e9alisation et de son suivi : Le responsable &hellip; <a href=\"https:\/\/www.moyenagepassion.com\/index.php\/mentions-legales\/\" class=\"more-link\">Continuer la lecture de <span class=\"screen-reader-text\">Mentions l\u00e9gales<\/span>  <span class=\"meta-nav\">&rarr;<\/span><\/a><\/p>\n","protected":false},"author":2,"featured_media":0,"parent":0,"menu_order":0,"comment_status":"closed","ping_status":"closed","template":"","meta":{"_monsterinsights_skip_tracking":false,"_monsterinsights_sitenote_active":false,"_monsterinsights_sitenote_note":"","_monsterinsights_sitenote_category":0,"footnotes":""},"class_list":["post-25108","page","type-page","status-publish","hentry"],"aioseo_notices":[],"_links":{"self":[{"href":"https:\/\/www.moyenagepassion.com\/index.php\/wp-json\/wp\/v2\/pages\/25108"}],"collection":[{"href":"https:\/\/www.moyenagepassion.com\/index.php\/wp-json\/wp\/v2\/pages"}],"about":[{"href":"https:\/\/www.moyenagepassion.com\/index.php\/wp-json\/wp\/v2\/types\/page"}],"author":[{"embeddable":true,"href":"https:\/\/www.moyenagepassion.com\/index.php\/wp-json\/wp\/v2\/users\/2"}],"replies":[{"embeddable":true,"href":"https:\/\/www.moyenagepassion.com\/index.php\/wp-json\/wp\/v2\/comments?post=25108"}],"version-history":[{"count":0,"href":"https:\/\/www.moyenagepassion.com\/index.php\/wp-json\/wp\/v2\/pages\/25108\/revisions"}],"wp:attachment":[{"href":"https:\/\/www.moyenagepassion.com\/index.php\/wp-json\/wp\/v2\/media?parent=25108"}],"curies":[{"name":"wp","href":"https:\/\/api.w.org\/{rel}","templated":true}]}}