{"id":27130,"date":"2019-08-25T19:56:26","date_gmt":"2019-08-25T18:56:26","guid":{"rendered":"https:\/\/www.moyenagepassion.com\/?page_id=27130"},"modified":"2020-12-24T21:27:58","modified_gmt":"2020-12-24T20:27:58","slug":"exposez-vos-evenements-prestations-offres-ou-produits-sur-moyenagepassion","status":"publish","type":"page","link":"https:\/\/www.moyenagepassion.com\/index.php\/exposez-vos-evenements-prestations-offres-ou-produits-sur-moyenagepassion\/","title":{"rendered":"Exposez vos \u00e9v\u00e9nements, prestations ou produits sur Moyenagepassion.com"},"content":{"rendered":"<div id=\"moyen-1329621573\" class=\"moyen-before-content moyen-entity-placement\"><script async src=\"\/\/pagead2.googlesyndication.com\/pagead\/js\/adsbygoogle.js?client=ca-pub-3035390706780632\" crossorigin=\"anonymous\"><\/script><ins class=\"adsbygoogle\" style=\"display:block;\" data-ad-client=\"ca-pub-3035390706780632\" \ndata-ad-slot=\"\" \ndata-ad-format=\"auto\"><\/ins>\n<script> \n(adsbygoogle = window.adsbygoogle || []).push({}); \n<\/script>\n<\/div><p>Bonjour \u00e0 tous,<\/p>\n<p style=\"text-align: justify;\"><img decoding=\"async\" class=\"alignleft size-full wp-image-24221\" src=\"https:\/\/www.moyenagepassion.com\/wp-content\/uploads\/2015\/12\/A_lettrine_moyen_age_passion1.jpg\" alt=\"A_lettrine_moyen_age_passion\" width=\"84\" height=\"103\" \/>vec pr\u00e8s de\u00a0 4 ans d&rsquo;existence et plus de 1300 articles exclusifs publi\u00e9s, <strong>Moyenagepassion.com<\/strong> dispose, d\u00e9sormais, d&rsquo;une\u00a0belle exposition dans son domaine de pr\u00e9dilection : le monde m\u00e9di\u00e9val, r\u00e9aliste ou plus fantastique et imaginaire.<\/p>\n<p style=\"text-align: justify;\">En plus de son audience qualifi\u00e9e dans des secteurs aussi\u00a0divers que la culture, la musique, la litt\u00e9rature, l&rsquo;\u00e9ducation, le patrimoine, mais aussi les f\u00eates, festivals et \u00e9v\u00e9nements d&rsquo;inspiration m\u00e9di\u00e9vale, ainsi que les compagnies qui les animent, notre site b\u00e9n\u00e9ficie\u00a0\u00e9galement d&rsquo;une excellente e-r\u00e9putation.<\/p>\n<p style=\"text-align: justify;\">Que vous soyez dans\u00a0les domaines culturels, artistiques, associatifs, patrimoniaux ou plus mercantiles, nous souhaitons vous offrir, d\u00e8s \u00e0 pr\u00e9sent, l&rsquo;opportunit\u00e9 de b\u00e9n\u00e9ficier de ce succ\u00e8s. en y exposant vos \u00e9v\u00e9nements, prestations, services ou produits. La premi\u00e8re de nos offres est orient\u00e9e sur la publication d&rsquo;articles sponsoris\u00e9s. La deuxi\u00e8me prend la forme plus classique de banni\u00e8res de publicit\u00e9.<\/p>\n<h2>1. Publication d&rsquo;articles<\/h2>\n<h4>Avantages : visibilit\u00e9 +\u00a0SEO<\/h4>\n<p>La parution d&rsquo;articles sponsoris\u00e9s sur Moyenagepassion.com pr\u00e9sente un double avantage :<\/p>\n<ul>\n<li style=\"text-align: justify;\">Vos pages web, vos activit\u00e9s, vos offres b\u00e9n\u00e9ficieront d&rsquo;un meilleur r\u00e9f\u00e9rencement dans les moteurs de recherche par l&rsquo;effet de notori\u00e9t\u00e9 que vous apporteront nos liens. Nos contenus exclusifs et l&rsquo;appui de nombreux sites d&rsquo;autorit\u00e9, nous permettent, en effet, d&rsquo;\u00eatre reconnus comme un site de r\u00e9f\u00e9rence sur notre c\u0153ur de cible.<\/li>\n<li style=\"text-align: justify;\">La publication d&rsquo;articles vous permettra \u00e9galement\u00a0d&rsquo;exposer vos offres\u00a0aupr\u00e8s d&rsquo;une audience hautement qualifi\u00e9e. Le site re\u00e7oit entre\u00a020 et\u00a035 000 nouvelles visites\/mois en provenance des moteurs de recherche, auxquelles il faut ajouter les vues et partages sur les r\u00e9seaux sociaux. En fonction de votre article, de sa cat\u00e9gorie et de l&rsquo;int\u00e9r\u00eat qu&rsquo;il suscite, une partie de cette audience vous est acquise.<\/li>\n<\/ul>\n<h4>Contenu et formatage des articles<\/h4>\n<p style=\"text-align: justify;\">Pour assurer\u00a0un r\u00e9f\u00e9rencement optimum de vos offres,\u00a0un minimum de 400 mots est souhaitable par article, pour un maximum de 600\/800 mots.\u00a0 Chaque article peut comprendre des photos (jusqu&rsquo;\u00e0 3) un lien vers votre site web et\/ou un lien vers une de vos pages sociales (FB, twitter, cha\u00eene youtube, bandcamp, etc&#8230; ). Sous r\u00e9serve, il peut \u00e9ventuellement contenir une iframe vid\u00e9o.<\/p>\n<h4>Service r\u00e9dactionnel<\/h4>\n<p style=\"text-align: justify;\"><img decoding=\"async\" class=\"alignleft wp-image-26543\" src=\"https:\/\/www.moyenagepassion.com\/wp-content\/uploads\/2019\/05\/compagnies_medievales_animations_fetes_creation_artisans_romans_bd_Moyen-age_monde-medieval.jpg\" alt=\"compagnies_medievales_animations_fetes_creation_artisans_romans_bd_Moyen-age_monde-medieval\" width=\"144\" height=\"425\" \/>Les articles peuvent \u00eatre r\u00e9dig\u00e9s par vous ou par nos soins. Dans ce dernier cas,\u00a0notre tarif prend en compte\u00a0le temps que nous y consacrerons. En contrepartie, vous b\u00e9n\u00e9ficierez d&rsquo;un r\u00e9dacteur professionnel aguerri en marketing\/SEO qui saura mettre en valeur vos offres, mais aussi s&rsquo;assurer que l&rsquo;article soit pertinent, du point de vue du r\u00e9f\u00e9rencement.<\/p>\n<p style=\"text-align: justify;\">Si vous r\u00e9digez vous-m\u00eame l&rsquo;article, nous\u00a0en assurerons\u00a0 la relecture avant publication mais sachez qu&rsquo;il est fortement souhaitable que son contenu soit \u00ab\u00a0original\u00a0\u00bb\u00a0et, pour le dire autrement, exclusif. En plus d&rsquo;\u00eatre fortement appr\u00e9ci\u00e9e de notre lectorat, cette politique est cruciale pour\u00a0le r\u00e9f\u00e9rencement de vos offres. L&rsquo;impact d&rsquo;un article\u00a0repiqu\u00e9\u00a0et maintes fois republi\u00e9 est sans commune mesure avec un article unique et original.<\/p>\n<h4 style=\"text-align: justify;\">Cat\u00e9gories<\/h4>\n<p style=\"text-align: justify;\">De nombreuses cat\u00e9gories sont \u00e0 votre disposition pour publier vos articles. A vous de choisir celle qui convient le mieux \u00e0 vos offres :\u00a0 <span style=\"color: #008000;\"><strong><em>f\u00eates, festivals, \u00e9v\u00e9nements &#8211; compagnies m\u00e9di\u00e9vales &#8211; Musique ancienne, folk ou d&rsquo;inspiration m\u00e9di\u00e9vale &#8211; Romans, BD, Livres (monde de l&rsquo;\u00e9dition) &#8211; Sites d&rsquo;int\u00e9r\u00eat (tourisme, patrimoine) &#8211; Jeux vid\u00e9os &#8211; Cin\u00e9ma &#8211; S\u00e9ries, programmes TV &#8211;\u00a0 Documentaires &#8211; Cha\u00eene Youtube &#8211; Sources et articles &#8211; Humour m\u00e9di\u00e9val &#8211; Conf\u00e9rences\u00a0\u00a0<\/em><\/strong><\/span>(autres cat\u00e9gories : nous consulter).<\/p>\n<p style=\"text-align: justify;\">Une fois publi\u00e9, l&rsquo;article demeure de mani\u00e8re permanente sur le site. Si vous souhaitez, plus tard dans le temps, faire para\u00eetre des articles suppl\u00e9mentaires sur vos offres ou prestations, nous nous assurerons de lier vos publications entre elles afin d&rsquo;en augmenter l&rsquo;impact, ainsi que la visibilit\u00e9.<\/p>\n<h3>Grille de tarifs<\/h3>\n<p style=\"text-align: justify;\">Nos tarifs de publication pour un article s&rsquo;\u00e9chelonnent de 80 \u20acuros et 130 \u20acuros. Ils d\u00e9pendent de plusieurs crit\u00e8res : monde associatif ou\u00a0 professionnel, service r\u00e9dactionnel attendu de notre part ou non, volume de recherches n\u00e9cessaires \u00e0 sa r\u00e9daction le cas \u00e9ch\u00e9ant,\u00a0 quantit\u00e9 de texte, etc&#8230; N&rsquo;h\u00e9sitez pas \u00e0 nous consulter pour plus de pr\u00e9cisions.<\/p>\n<h3>Crit\u00e8res d&rsquo;\u00e9ligibilit\u00e9<\/h3>\n<p style=\"text-align: justify;\">Pour des raisons de\u00a0politique \u00e9ditoriale, nous nous r\u00e9servons le droit\u00a0de ne pas promouvoir des services, offres ou produits que nous jugerions inad\u00e9quats avec nos exigences de publication. Si vous avez\u00a0des doute sur la question, n&rsquo;h\u00e9sitez pas \u00e0 nous contacter pour les clarifier.<\/p>\n<h3 style=\"text-align: justify;\">2. Banni\u00e8res de publicit\u00e9<\/h3>\n<p style=\"text-align: justify;\"><a href=\"https:\/\/www.moyenagepassion.com\/wp-content\/uploads\/2019\/05\/moyen-age_evenements-fetes-prestations-medievales.jpg\" target=\"_blank\" rel=\"noopener noreferrer\"><img decoding=\"async\" class=\"alignleft wp-image-26945 \" src=\"https:\/\/www.moyenagepassion.com\/wp-content\/uploads\/2019\/05\/moyen-age_evenements-fetes-prestations-medievales_s.jpg\" alt=\"\" width=\"185\" height=\"227\" \/><\/a>Nous vous\u00a0offrons\u00a0encore la possibilit\u00e9 de promouvoir vos sites\u00a0web ou activit\u00e9s via des bandeaux publicitaires.\u00a0Cette offre correspond \u00e0 l&rsquo;ajout, dans la colonne de droite du site, d&rsquo;un bandeau linkant vers votre \u00e9v\u00e9nement, page, etc&#8230; Cette publicit\u00e9 s&rsquo;affichera sur tout le du site, toutes cat\u00e9gories confondues.<\/p>\n<table width=\"\u00bb480\u2033\" cellspacing=\"\u00bb0\u2033\" cellpadding=\"\u00bb0\u2033\">\n<tbody>\n<tr>\n<td><strong>Banni\u00e8res de publicit\u00e9\u00a0*<br \/>\n<\/strong><\/td>\n<td>1 mois<\/td>\n<td>\u00a03 mois<\/td>\n<td>\u00a06 mois<\/td>\n<\/tr>\n<tr>\n<td>308 pixels large\u00a0x 100 pixels\u00a0 haut<\/td>\n<td>\u00a060 \u20ac<\/td>\n<td>\u00a0160\u00a0 \u20ac<\/td>\n<td>\u00a0280 \u20ac<\/td>\n<\/tr>\n<tr>\n<td>308 pixels large x 200 pixels haut<\/td>\n<td>\u00a090 \u20ac<\/td>\n<td>\u00a0260 \u00a0\u20ac<\/td>\n<td>\u00a0480 \u20ac<\/td>\n<\/tr>\n<\/tbody>\n<\/table>\n<p style=\"text-align: justify;\">Pour des dur\u00e9es sup\u00e9rieures \u00e0\u00a06 mois, nous consulter.<\/p>\n<p style=\"text-align: justify;\"><em>*Infographie : si vous n&rsquo;avez pas de bandeau publicitaire \u00e0 nous fournir, nous pouvons la cr\u00e9er pour vous (sous conditions).\u00a0<\/em><\/p>\n<h4 style=\"text-align: justify;\">Moyenne d&rsquo;impressions<\/h4>\n<p style=\"text-align: justify;\">La moyenne d&rsquo;impression que vous pouvez attendre d&rsquo;un bandeau publicitaire oscille actuellement entre 25 &amp;\u00a035 000 impressions par mois. Le renouvellement de l&rsquo;audience \u00e9tant tr\u00e8s important sur le site, sur une dur\u00e9e de 3 mois, votre marque ou offres seront vues par une moyenne de 80 \u00e0 100 000 internautes.<\/p>\n<p style=\"text-align: justify;\">Si vous le souhaitez, ce bandeau publicitaire peut \u00e9galement \u00eatre link\u00e9 sur un article interne au site que vous auriez contract\u00e9 par ailleurs. Si vous n&rsquo;avez pas encore de site web, cette derni\u00e8re possibilit\u00e9 peut \u00eatre un excellent moyen de faire parler de vos activit\u00e9s et de les exposer.<\/p>\n<p>N&rsquo;h\u00e9sitez pas \u00e0 nous contacter\u00a0 pour plus d&rsquo;infos ou\u00a0pour\u00a0nous soumettre vos attentes :<a href=\"https:\/\/www.moyenagepassion.com\/wp-content\/uploads\/2019\/05\/courriel_contact_promotions_prestations_monde-medieval.jpg\"><img decoding=\"async\" class=\"alignnone wp-image-26544\" src=\"https:\/\/www.moyenagepassion.com\/wp-content\/uploads\/2019\/05\/courriel_contact_promotions_prestations_monde-medieval.jpg\" alt=\"courriel_contact_promotions_prestations_monde-medieval\" width=\"243\" height=\"35\" \/><\/a><\/p>\n","protected":false},"excerpt":{"rendered":"<p>Bonjour \u00e0 tous, vec pr\u00e8s de\u00a0 4 ans d&rsquo;existence et plus de 1300 articles exclusifs publi\u00e9s, Moyenagepassion.com dispose, d\u00e9sormais, d&rsquo;une\u00a0belle exposition dans son domaine de pr\u00e9dilection : le monde m\u00e9di\u00e9val, r\u00e9aliste ou plus fantastique et imaginaire. En plus de son audience qualifi\u00e9e dans des secteurs aussi\u00a0divers que la culture, la musique, la litt\u00e9rature, l&rsquo;\u00e9ducation, le &hellip; <a href=\"https:\/\/www.moyenagepassion.com\/index.php\/exposez-vos-evenements-prestations-offres-ou-produits-sur-moyenagepassion\/\" class=\"more-link\">Continuer la lecture de <span class=\"screen-reader-text\">Exposez vos \u00e9v\u00e9nements, prestations ou produits sur Moyenagepassion.com<\/span>  <span class=\"meta-nav\">&rarr;<\/span><\/a><\/p>\n","protected":false},"author":2,"featured_media":0,"parent":0,"menu_order":0,"comment_status":"closed","ping_status":"closed","template":"","meta":{"_monsterinsights_skip_tracking":false,"_monsterinsights_sitenote_active":false,"_monsterinsights_sitenote_note":"","_monsterinsights_sitenote_category":0,"footnotes":""},"class_list":["post-27130","page","type-page","status-publish","hentry"],"aioseo_notices":[],"_links":{"self":[{"href":"https:\/\/www.moyenagepassion.com\/index.php\/wp-json\/wp\/v2\/pages\/27130"}],"collection":[{"href":"https:\/\/www.moyenagepassion.com\/index.php\/wp-json\/wp\/v2\/pages"}],"about":[{"href":"https:\/\/www.moyenagepassion.com\/index.php\/wp-json\/wp\/v2\/types\/page"}],"author":[{"embeddable":true,"href":"https:\/\/www.moyenagepassion.com\/index.php\/wp-json\/wp\/v2\/users\/2"}],"replies":[{"embeddable":true,"href":"https:\/\/www.moyenagepassion.com\/index.php\/wp-json\/wp\/v2\/comments?post=27130"}],"version-history":[{"count":1,"href":"https:\/\/www.moyenagepassion.com\/index.php\/wp-json\/wp\/v2\/pages\/27130\/revisions"}],"predecessor-version":[{"id":36388,"href":"https:\/\/www.moyenagepassion.com\/index.php\/wp-json\/wp\/v2\/pages\/27130\/revisions\/36388"}],"wp:attachment":[{"href":"https:\/\/www.moyenagepassion.com\/index.php\/wp-json\/wp\/v2\/media?parent=27130"}],"curies":[{"name":"wp","href":"https:\/\/api.w.org\/{rel}","templated":true}]}}