{"id":28808,"date":"2019-10-15T00:29:33","date_gmt":"2019-10-14T23:29:33","guid":{"rendered":"https:\/\/www.moyenagepassion.com\/?page_id=28808"},"modified":"2019-10-15T00:59:11","modified_gmt":"2019-10-14T23:59:11","slug":"un-portail-sur-le-moyen-age-et-le-monde-medieval","status":"publish","type":"page","link":"https:\/\/www.moyenagepassion.com\/index.php\/un-portail-sur-le-moyen-age-et-le-monde-medieval\/","title":{"rendered":"Un portail sur le moyen-\u00e2ge et le monde m\u00e9di\u00e9val"},"content":{"rendered":"<div id=\"moyen-2160234593\" class=\"moyen-before-content moyen-entity-placement\"><script async src=\"\/\/pagead2.googlesyndication.com\/pagead\/js\/adsbygoogle.js?client=ca-pub-3035390706780632\" crossorigin=\"anonymous\"><\/script><ins class=\"adsbygoogle\" style=\"display:block;\" data-ad-client=\"ca-pub-3035390706780632\" \ndata-ad-slot=\"\" \ndata-ad-format=\"auto\"><\/ins>\n<script> \n(adsbygoogle = window.adsbygoogle || []).push({}); \n<\/script>\n<\/div><p>Bonjour et bienvenue,<\/p>\n<p style=\"text-align: justify;\"><img decoding=\"async\" class=\"alignleft size-full wp-image-23896\" src=\"https:\/\/www.moyenagepassion.com\/wp-content\/uploads\/2018\/10\/L_lettrine_moyen_age_passion.jpg\" alt=\"L_lettrine_moyen_age_passion\" width=\"84\" height=\"103\" \/>e Moyen-\u00e2ge fascine. D\u00e8s sa fin d\u00e9clar\u00e9e, au d\u00e9but du XVIe si\u00e8cle, il l&rsquo;a toujours fait, en bien ou en mal, et aujourd&rsquo;hui encore\u00a0, il reste largement ignor\u00e9.<\/p>\n<p style=\"text-align: justify;\">Depuis 2015, nous sommes partis \u00e0 sa rencontre afin de vous le faire d\u00e9couvrir sous ses diff\u00e9rentes formes : historiques, avec ses ch\u00e2teaux, ses grands personnages et auteurs,\u00a0 sa litt\u00e9rature, sa po\u00e9sie, ses chansons, sa musique, sa m\u00e9decine, &#8230;\u00a0 \u00a0Au del\u00e0,\u00a0 nous\u00a0 nous int\u00e9ressons aussi \u00e0\u00a0 \u00a0ses formes plus actuelles : les nombreuses f\u00eates et animations m\u00e9di\u00e9vales qui se donnent chaque semaine en son honneur, les compagnies qui les animent, mais aussi le\u00a0\u00a0 cin\u00e9ma, la t\u00e9l\u00e9vision, les divertissements, les sites d&rsquo;int\u00e9r\u00eats et tant d&rsquo;autres choses encore.<\/p>\n<p>Explorez, d\u00e9couvrez, prenez votre temps et soyez les bienvenus sur Moyenagepassion.\u00a0 \u00a0Plus de 1200 articles vous attendent ici\u00a0 au sujet du monde m\u00e9di\u00e9val.<\/p>\n<table width=\"\u00bb540\u2033\" cellspacing=\"\u00bb0\u2033\" cellpadding=\"\u00bb0\u2033\">\n<tbody>\n<tr>\n<td>\u00a0<a href=\"https:\/\/www.moyenagepassion.com\/index.php\/moyen-age\/chateau-forteresse-moyen-age-architecture-medievale\/\" target=\"_blank\"><img decoding=\"async\" class=\"alignnone wp-image-28821 size-full\" src=\"https:\/\/www.moyenagepassion.com\/wp-content\/uploads\/2019\/09\/chateaux-forts-et-architecture-medievale.jpg\" alt=\"chateaux-forts-et-architecture-medievale\" width=\"145\" height=\"145\" \/><\/a><\/td>\n<td><a href=\"https:\/\/www.moyenagepassion.com\/index.php\/moyen-age\/musique-medieval-historique-fantaisie-celtique\/\" target=\"_blank\"><img decoding=\"async\" class=\"alignnone wp-image-28816 size-full\" src=\"https:\/\/www.moyenagepassion.com\/wp-content\/uploads\/2019\/09\/chansons-musiques-et-litterature-medievale.jpg\" alt=\"chansons-musiques-et-litterature-medievale\" width=\"145\" height=\"145\" \/><\/a><\/td>\n<td>\u00a0<a href=\"https:\/\/www.moyenagepassion.com\/index.php\/moyen-age\/fetes-medievales-evenement\/\" target=\"_blank\"><img decoding=\"async\" class=\"alignnone wp-image-28815 size-full\" src=\"https:\/\/www.moyenagepassion.com\/wp-content\/uploads\/2019\/09\/compagnie-et-fetes-medievales.jpg\" alt=\"compagnie-et-fetes-medievales\" width=\"145\" height=\"145\" \/><\/a><\/td>\n<\/tr>\n<tr>\n<td>\u00a0<a href=\"https:\/\/www.moyenagepassion.com\/index.php\/moyen-age\/documentaire-moyen-age-historique\/\" target=\"_blank\"><img decoding=\"async\" class=\"alignnone wp-image-28813 size-full\" src=\"https:\/\/www.moyenagepassion.com\/wp-content\/uploads\/2019\/09\/video-documentaire-monde-medieval-moyen-age.jpg\" alt=\"video-documentaire-monde-medieval-moyen-age\" width=\"145\" height=\"145\" \/><\/a><\/td>\n<td>\u00a0<a href=\"https:\/\/www.moyenagepassion.com\/index.php\/moyen-age\/conference\/\" target=\"_blank\"><img decoding=\"async\" class=\"alignnone wp-image-28814 size-full\" src=\"https:\/\/www.moyenagepassion.com\/wp-content\/uploads\/2019\/09\/conferences-monde-medieval.jpg\" alt=\"conferences-monde-medieval\" width=\"145\" height=\"145\" \/><\/a><\/td>\n<td>\u00a0<a href=\"https:\/\/www.moyenagepassion.com\/index.php\/moyen-age\/blagues-humour-moyen-age\/\" target=\"_blank\"><img decoding=\"async\" class=\"alignnone wp-image-28824 size-full\" src=\"https:\/\/www.moyenagepassion.com\/wp-content\/uploads\/2019\/09\/humour-medieval-ou-sur-le-moyen-age.jpg\" alt=\"humour-medieval-ou-sur-le-moyen-age\" width=\"145\" height=\"145\" \/><\/a><\/td>\n<\/tr>\n<tr>\n<td>\u00a0<a href=\"https:\/\/www.moyenagepassion.com\/index.php\/moyen-age\/lieux-moyen-age-medievaux\/\" target=\"_blank\"><img decoding=\"async\" class=\"alignnone wp-image-28820 size-full\" src=\"https:\/\/www.moyenagepassion.com\/wp-content\/uploads\/2019\/09\/patrimoine-site-interet.jpg\" alt=\"patrimoine-site-interet\" width=\"145\" height=\"145\" \/><\/a><\/td>\n<td>\u00a0<a href=\"https:\/\/www.moyenagepassion.com\/index.php\/moyen-age\/medecine-medievale\/\" target=\"_blank\"><img decoding=\"async\" class=\"alignnone wp-image-28822 size-full\" src=\"https:\/\/www.moyenagepassion.com\/wp-content\/uploads\/2019\/09\/medecine-medievale.jpg\" alt=\"medecine-medievale\" width=\"145\" height=\"145\" \/><\/a><\/td>\n<td>\u00a0<a href=\"https:\/\/www.moyenagepassion.com\/index.php\/moyen-age\/livre-moyen-age-medieval-fantaisie\/\" target=\"_blank\"><img decoding=\"async\" class=\"alignnone wp-image-28811 size-full\" src=\"https:\/\/www.moyenagepassion.com\/wp-content\/uploads\/2019\/09\/romans-et-livres-moyen-age.jpg\" alt=\"romans-et-livres-moyen-age\" width=\"145\" height=\"145\" \/><\/a><\/td>\n<\/tr>\n<tr>\n<td>\u00a0<a href=\"https:\/\/www.moyenagepassion.com\/index.php\/moyen-age\/jeux-video-moyen-age\/\" target=\"_blank\"><img decoding=\"async\" class=\"alignnone wp-image-28819 size-full\" src=\"https:\/\/www.moyenagepassion.com\/wp-content\/uploads\/2019\/09\/moyen-age-et-jeux-video.jpg\" alt=\"moyen-age-et-jeux-video\" width=\"145\" height=\"145\" \/><\/a><\/td>\n<td>\u00a0<a href=\"https:\/\/www.moyenagepassion.com\/index.php\/moyen-age\/series-televisees-moyen-age\/\" target=\"_blank\"><img decoding=\"async\" class=\"alignnone wp-image-28818 size-full\" src=\"https:\/\/www.moyenagepassion.com\/wp-content\/uploads\/2019\/09\/Moyen-age-serie-televisee.jpg\" alt=\"Moyen-age-serie-televisee\" width=\"145\" height=\"145\" \/><\/a><\/td>\n<td>\u00a0<a href=\"https:\/\/www.moyenagepassion.com\/index.php\/moyen-age\/films-moyen-age\/\" target=\"_blank\"><img decoding=\"async\" class=\"alignnone wp-image-28817 size-full\" src=\"https:\/\/www.moyenagepassion.com\/wp-content\/uploads\/2019\/09\/moyen-age-et-cinema.jpg\" alt=\"moyen-age-et-cinema\" width=\"145\" height=\"145\" \/><\/a><\/td>\n<\/tr>\n<tr>\n<td>\u00a0<a href=\"https:\/\/www.moyenagepassion.com\/index.php\/moyen-age\/citations-moyen-age-medievales\/\" target=\"_blank\"><img decoding=\"async\" class=\"alignnone wp-image-28810 size-full\" src=\"https:\/\/www.moyenagepassion.com\/wp-content\/uploads\/2019\/09\/citations-medievales-et-autour-du-moyen-age.jpg\" alt=\"citations-medievales-et-autour-du-moyen-age\" width=\"145\" height=\"145\" \/><\/a><\/td>\n<td>\u00a0<a href=\"https:\/\/www.moyenagepassion.com\/index.php\/moyen-age\/sources-et-articles-moyen-age-periode-medievale\/\" target=\"_blank\"><img decoding=\"async\" class=\"alignnone size-full wp-image-28812\" src=\"https:\/\/www.moyenagepassion.com\/wp-content\/uploads\/2019\/09\/sources-et-articles-monde-medieval.jpg\" alt=\"sources-et-articles-monde-medieval\" width=\"145\" height=\"145\" \/><\/a><\/td>\n<td><\/td>\n<\/tr>\n<\/tbody>\n<\/table>\n","protected":false},"excerpt":{"rendered":"<p>Bonjour et bienvenue, e Moyen-\u00e2ge fascine. D\u00e8s sa fin d\u00e9clar\u00e9e, au d\u00e9but du XVIe si\u00e8cle, il l&rsquo;a toujours fait, en bien ou en mal, et aujourd&rsquo;hui encore\u00a0, il reste largement ignor\u00e9. Depuis 2015, nous sommes partis \u00e0 sa rencontre afin de vous le faire d\u00e9couvrir sous ses diff\u00e9rentes formes : historiques, avec ses ch\u00e2teaux, ses &hellip; <a href=\"https:\/\/www.moyenagepassion.com\/index.php\/un-portail-sur-le-moyen-age-et-le-monde-medieval\/\" class=\"more-link\">Continuer la lecture de <span class=\"screen-reader-text\">Un portail sur le moyen-\u00e2ge et le monde m\u00e9di\u00e9val<\/span>  <span class=\"meta-nav\">&rarr;<\/span><\/a><\/p>\n","protected":false},"author":2,"featured_media":0,"parent":0,"menu_order":0,"comment_status":"closed","ping_status":"closed","template":"","meta":{"_monsterinsights_skip_tracking":false,"_monsterinsights_sitenote_active":false,"_monsterinsights_sitenote_note":"","_monsterinsights_sitenote_category":0,"footnotes":""},"class_list":["post-28808","page","type-page","status-publish","hentry"],"aioseo_notices":[],"_links":{"self":[{"href":"https:\/\/www.moyenagepassion.com\/index.php\/wp-json\/wp\/v2\/pages\/28808"}],"collection":[{"href":"https:\/\/www.moyenagepassion.com\/index.php\/wp-json\/wp\/v2\/pages"}],"about":[{"href":"https:\/\/www.moyenagepassion.com\/index.php\/wp-json\/wp\/v2\/types\/page"}],"author":[{"embeddable":true,"href":"https:\/\/www.moyenagepassion.com\/index.php\/wp-json\/wp\/v2\/users\/2"}],"replies":[{"embeddable":true,"href":"https:\/\/www.moyenagepassion.com\/index.php\/wp-json\/wp\/v2\/comments?post=28808"}],"version-history":[{"count":0,"href":"https:\/\/www.moyenagepassion.com\/index.php\/wp-json\/wp\/v2\/pages\/28808\/revisions"}],"wp:attachment":[{"href":"https:\/\/www.moyenagepassion.com\/index.php\/wp-json\/wp\/v2\/media?parent=28808"}],"curies":[{"name":"wp","href":"https:\/\/api.w.org\/{rel}","templated":true}]}}